{"id":6867,"date":"2025-10-26T00:49:23","date_gmt":"2025-10-26T00:49:23","guid":{"rendered":"https:\/\/tokeep.cc\/about\/"},"modified":"2025-12-27T06:11:32","modified_gmt":"2025-12-27T11:11:32","slug":"uber","status":"publish","type":"page","link":"https:\/\/tokeep.cc\/de\/uber\/","title":{"rendered":"\u00dcber"},"content":{"rendered":"<div data-elementor-type=\"wp-page\" data-elementor-id=\"6867\" class=\"elementor elementor-6867\" data-elementor-settings=\"{&quot;element_pack_global_tooltip_width&quot;:{&quot;unit&quot;:&quot;px&quot;,&quot;size&quot;:&quot;&quot;,&quot;sizes&quot;:[]},&quot;element_pack_global_tooltip_width_tablet&quot;:{&quot;unit&quot;:&quot;px&quot;,&quot;size&quot;:&quot;&quot;,&quot;sizes&quot;:[]},&quot;element_pack_global_tooltip_width_mobile&quot;:{&quot;unit&quot;:&quot;px&quot;,&quot;size&quot;:&quot;&quot;,&quot;sizes&quot;:[]},&quot;element_pack_global_tooltip_padding&quot;:{&quot;unit&quot;:&quot;px&quot;,&quot;top&quot;:&quot;&quot;,&quot;right&quot;:&quot;&quot;,&quot;bottom&quot;:&quot;&quot;,&quot;left&quot;:&quot;&quot;,&quot;isLinked&quot;:true},&quot;element_pack_global_tooltip_padding_tablet&quot;:{&quot;unit&quot;:&quot;px&quot;,&quot;top&quot;:&quot;&quot;,&quot;right&quot;:&quot;&quot;,&quot;bottom&quot;:&quot;&quot;,&quot;left&quot;:&quot;&quot;,&quot;isLinked&quot;:true},&quot;element_pack_global_tooltip_padding_mobile&quot;:{&quot;unit&quot;:&quot;px&quot;,&quot;top&quot;:&quot;&quot;,&quot;right&quot;:&quot;&quot;,&quot;bottom&quot;:&quot;&quot;,&quot;left&quot;:&quot;&quot;,&quot;isLinked&quot;:true},&quot;element_pack_global_tooltip_border_radius&quot;:{&quot;unit&quot;:&quot;px&quot;,&quot;top&quot;:&quot;&quot;,&quot;right&quot;:&quot;&quot;,&quot;bottom&quot;:&quot;&quot;,&quot;left&quot;:&quot;&quot;,&quot;isLinked&quot;:true},&quot;element_pack_global_tooltip_border_radius_tablet&quot;:{&quot;unit&quot;:&quot;px&quot;,&quot;top&quot;:&quot;&quot;,&quot;right&quot;:&quot;&quot;,&quot;bottom&quot;:&quot;&quot;,&quot;left&quot;:&quot;&quot;,&quot;isLinked&quot;:true},&quot;element_pack_global_tooltip_border_radius_mobile&quot;:{&quot;unit&quot;:&quot;px&quot;,&quot;top&quot;:&quot;&quot;,&quot;right&quot;:&quot;&quot;,&quot;bottom&quot;:&quot;&quot;,&quot;left&quot;:&quot;&quot;,&quot;isLinked&quot;:true}}\" data-elementor-post-type=\"page\">\n\t\t\t\t<div class=\"elementor-element elementor-element-dcfb448 e-flex e-con-boxed e-con e-parent\" data-id=\"dcfb448\" data-element_type=\"container\" data-settings=\"{&quot;background_background&quot;:&quot;classic&quot;}\">\n\t\t\t\t\t<div class=\"e-con-inner\">\n\t\t<div class=\"elementor-element elementor-element-d21b7e0 e-flex e-con-boxed e-con e-child\" data-id=\"d21b7e0\" data-element_type=\"container\">\n\t\t\t\t\t<div class=\"e-con-inner\">\n\t\t\t\t<div class=\"elementor-element elementor-element-e9fd9dc elementor-widget elementor-widget-heading\" data-id=\"e9fd9dc\" data-element_type=\"widget\" data-widget_type=\"heading.default\">\n\t\t\t\t<div class=\"elementor-widget-container\">\n\t\t\t\t\t<h1 class=\"elementor-heading-title elementor-size-default\">\u00fcber uns<\/h1>\t\t\t\t<\/div>\n\t\t\t\t<\/div>\n\t\t\t\t\t<\/div>\n\t\t\t\t<\/div>\n\t\t\t\t\t<\/div>\n\t\t\t\t<\/div>\n\t\t<div class=\"elementor-element elementor-element-2909790 e-flex e-con-boxed e-con e-parent\" data-id=\"2909790\" data-element_type=\"container\">\n\t\t\t\t\t<div class=\"e-con-inner\">\n\t\t\t\t<div class=\"elementor-element elementor-element-fee311b elementor-widget__width-initial elementor-widget elementor-widget-heading\" data-id=\"fee311b\" data-element_type=\"widget\" data-widget_type=\"heading.default\">\n\t\t\t\t<div class=\"elementor-widget-container\">\n\t\t\t\t\t<h2 class=\"elementor-heading-title elementor-size-default\">\u00dcber US<\/h2>\t\t\t\t<\/div>\n\t\t\t\t<\/div>\n\t\t\t\t\t<\/div>\n\t\t\t\t<\/div>\n\t\t<div class=\"elementor-element elementor-element-2d55b80 e-flex e-con-boxed e-con e-parent\" data-id=\"2d55b80\" data-element_type=\"container\">\n\t\t\t\t\t<div class=\"e-con-inner\">\n\t\t<div class=\"elementor-element elementor-element-e5cc115 e-con-full e-flex e-con e-child\" data-id=\"e5cc115\" data-element_type=\"container\">\n\t\t\t\t<div class=\"elementor-element elementor-element-4036686 elementor-widget elementor-widget-heading\" data-id=\"4036686\" data-element_type=\"widget\" data-widget_type=\"heading.default\">\n\t\t\t\t<div class=\"elementor-widget-container\">\n\t\t\t\t\t<h2 class=\"elementor-heading-title elementor-size-default\">Kurze Einf\u00fchrung<\/h2>\t\t\t\t<\/div>\n\t\t\t\t<\/div>\n\t\t\t\t<div class=\"elementor-element elementor-element-239ee73 elementor-widget elementor-widget-text-editor\" data-id=\"239ee73\" data-element_type=\"widget\" data-widget_type=\"text-editor.default\">\n\t\t\t\t<div class=\"elementor-widget-container\">\n\t\t\t\t\t\t\t\t\t<p>\u00a0 \u00a0 \u00a0 \u00a0 Wenzhou Jiangguang Electric Technology Co., Ltd. (nachstehend Jiangguang Electric genannt) ist ein Unternehmen, das sich auf Forschung, Design, Produktion und Service von intelligenten elektronischen Ger\u00e4ten konzentriert. Standardisierung, Modularisierung und Intelligenz sind die Entwicklungsrichtungen des Produktdesigns des Unternehmens. Die Produkte haben mehr Vorteile, umfassendere Schutzfunktionen und eine genauere und stabilere Echtzeitsteuerung. Dank seines professionellen Niveaus, seiner langj\u00e4hrigen Produktionserfahrung und seiner ausgereiften Technologie ist das Unternehmen seit jeher ein Technologief\u00fchrer in der Branche.<\/p><p>\u00a0\u00a0\u00a0 \u00a0 \u00a0 Hauptprodukte: Brandschutz-Strombegrenzungs-Alarmschutz, Mess-Strombegrenzungsschutz, selektiver Leistungsbegrenzungsschutz, Strombegrenzungs-Ladungsbegrenzungsschutz, selbstr\u00fcckstellender \u00dcber- und Unterspannungsschutz, dreiphasiger vieradriger selbstr\u00fcckstellender \u00dcber- und Unterspannungsschutz, Kontroll- und Schutzschalter, dreiphasiger Spannungsmesser, dreiphasiger Strommesser, einphasiger programmierbarer Strommesser, intelligenter Leistungsmesser, \u00dcberspannungsschutz, automatischer Doppelleistungsumschalter<\/p>\t\t\t\t\t\t\t\t<\/div>\n\t\t\t\t<\/div>\n\t\t\t\t<\/div>\n\t\t<div class=\"elementor-element elementor-element-bcc12e6 e-con-full e-flex e-con e-child\" data-id=\"bcc12e6\" data-element_type=\"container\">\n\t\t\t\t<div class=\"elementor-element elementor-element-6c2770b elementor-widget elementor-widget-image\" data-id=\"6c2770b\" data-element_type=\"widget\" data-widget_type=\"image.default\">\n\t\t\t\t<div class=\"elementor-widget-container\">\n\t\t\t\t\t\t\t\t\t\t\t\t\t\t\t<img fetchpriority=\"high\" decoding=\"async\" width=\"1024\" height=\"768\" src=\"https:\/\/tokeep.cc\/wp-content\/uploads\/2025\/11\/2-1024x768.webp\" class=\"attachment-large size-large wp-image-7395\" alt=\"St\u00f6rlichtbogen-Erkennungsger\u00e4te\" srcset=\"https:\/\/tokeep.cc\/wp-content\/uploads\/2025\/11\/2-1024x768.webp 1024w, https:\/\/tokeep.cc\/wp-content\/uploads\/2025\/11\/2-300x225.webp 300w, https:\/\/tokeep.cc\/wp-content\/uploads\/2025\/11\/2-768x576.webp 768w, https:\/\/tokeep.cc\/wp-content\/uploads\/2025\/11\/2-16x12.webp 16w, https:\/\/tokeep.cc\/wp-content\/uploads\/2025\/11\/2.webp 1200w\" sizes=\"(max-width: 1024px) 100vw, 1024px\" \/>\t\t\t\t\t\t\t\t\t\t\t\t\t\t\t<\/div>\n\t\t\t\t<\/div>\n\t\t\t\t<\/div>\n\t\t\t\t\t<\/div>\n\t\t\t\t<\/div>\n\t\t<div class=\"elementor-element elementor-element-b0852fd e-flex e-con-boxed e-con e-parent\" data-id=\"b0852fd\" data-element_type=\"container\">\n\t\t\t\t\t<div class=\"e-con-inner\">\n\t\t<div class=\"elementor-element elementor-element-5ae094c e-con-full e-flex e-con e-child\" data-id=\"5ae094c\" data-element_type=\"container\">\n\t\t\t\t<div class=\"elementor-element elementor-element-0df28f1 elementor-widget elementor-widget-image\" data-id=\"0df28f1\" data-element_type=\"widget\" data-widget_type=\"image.default\">\n\t\t\t\t<div class=\"elementor-widget-container\">\n\t\t\t\t\t\t\t\t\t\t\t\t\t\t\t<img decoding=\"async\" width=\"700\" height=\"650\" src=\"https:\/\/tokeep.cc\/wp-content\/uploads\/2025\/11\/650-600.jpg\" class=\"attachment-large size-large wp-image-7547\" alt=\"\" srcset=\"https:\/\/tokeep.cc\/wp-content\/uploads\/2025\/11\/650-600.jpg 700w, https:\/\/tokeep.cc\/wp-content\/uploads\/2025\/11\/650-600-300x279.jpg 300w, https:\/\/tokeep.cc\/wp-content\/uploads\/2025\/11\/650-600-13x12.jpg 13w\" sizes=\"(max-width: 700px) 100vw, 700px\" \/>\t\t\t\t\t\t\t\t\t\t\t\t\t\t\t<\/div>\n\t\t\t\t<\/div>\n\t\t\t\t<\/div>\n\t\t<div class=\"elementor-element elementor-element-7ce5b4a e-con-full e-flex e-con e-child\" data-id=\"7ce5b4a\" data-element_type=\"container\">\n\t\t\t\t<div class=\"elementor-element elementor-element-89f6eaa elementor-widget elementor-widget-heading\" data-id=\"89f6eaa\" data-element_type=\"widget\" data-widget_type=\"heading.default\">\n\t\t\t\t<div class=\"elementor-widget-container\">\n\t\t\t\t\t<h2 class=\"elementor-heading-title elementor-size-default\">Unternehmenskultur<\/h2>\t\t\t\t<\/div>\n\t\t\t\t<\/div>\n\t\t\t\t<div class=\"elementor-element elementor-element-b94cf74 elementor-widget elementor-widget-text-editor\" data-id=\"b94cf74\" data-element_type=\"widget\" data-widget_type=\"text-editor.default\">\n\t\t\t\t<div class=\"elementor-widget-container\">\n\t\t\t\t\t\t\t\t\t<p><strong>Vision<\/strong>: Wir wollen ein f\u00fchrender Innovator im Bereich der intelligenten Elektronik sein und qualitativ hochwertige L\u00f6sungen anbieten, die den technologischen Fortschritt vorantreiben und eine sichere und effiziente elektrische Umgebung gew\u00e4hrleisten.<\/p><p><strong>Mission<\/strong>: Der Gesellschaft mit professioneller Technologie zu dienen, Sicherheit durch Innovation zu gew\u00e4hrleisten, Vertrauen durch Qualit\u00e4t zu gewinnen und der Industrie einen Mehrwert zu bieten.<\/p><p><strong>Grundwerte<\/strong>: Innovation, Qualit\u00e4t, Kundenorientierung, Verantwortung.<\/p><p><strong>Unternehmensgeist<\/strong>: Schaffung zuverl\u00e4ssiger Produkte, Konzentration auf intelligente Technologie und Erkundung neuer Wege in der Branche.<\/p><p><strong>Kultur<\/strong>: Menschenorientiert, Win-Win-Zusammenarbeit, kontinuierliche Verbesserung.<\/p><p><strong>Soziale Verantwortung<\/strong>: F\u00f6rderung des Umweltschutzes, der elektrischen Sicherheit, der technischen Unterst\u00fctzung und der Ausbildung<\/p>\t\t\t\t\t\t\t\t<\/div>\n\t\t\t\t<\/div>\n\t\t\t\t<\/div>\n\t\t\t\t\t<\/div>\n\t\t\t\t<\/div>\n\t\t<div class=\"elementor-element elementor-element-893a3f8 e-flex e-con-boxed e-con e-parent\" data-id=\"893a3f8\" data-element_type=\"container\">\n\t\t\t\t\t<div class=\"e-con-inner\">\n\t\t\t\t<div class=\"elementor-element elementor-element-c1c550a elementor-widget elementor-widget-heading\" data-id=\"c1c550a\" data-element_type=\"widget\" data-widget_type=\"heading.default\">\n\t\t\t\t<div class=\"elementor-widget-container\">\n\t\t\t\t\t<h2 class=\"elementor-heading-title elementor-size-default\"><a href=\"https:\/\/bright-china.com\/\" style=\"font-weight: bold;\">ELEJG<\/a>  Meilensteine der Eiektrik <\/h2>\t\t\t\t<\/div>\n\t\t\t\t<\/div>\n\t\t\t\t<div class=\"elementor-element elementor-element-4b87aa7 elementor-widget-divider--view-line elementor-widget elementor-widget-divider\" data-id=\"4b87aa7\" data-element_type=\"widget\" data-widget_type=\"divider.default\">\n\t\t\t\t<div class=\"elementor-widget-container\">\n\t\t\t\t\t\t\t<div class=\"elementor-divider\">\n\t\t\t<span class=\"elementor-divider-separator\">\n\t\t\t\t\t\t<\/span>\n\t\t<\/div>\n\t\t\t\t\t\t<\/div>\n\t\t\t\t<\/div>\n\t\t\t\t\t<\/div>\n\t\t\t\t<\/div>\n\t\t<div class=\"elementor-element elementor-element-c138f90 e-flex e-con-boxed e-con e-parent\" data-id=\"c138f90\" data-element_type=\"container\">\n\t\t\t\t\t<div class=\"e-con-inner\">\n\t\t\t\t<div class=\"elementor-element elementor-element-060ac3e elementor-widget elementor-widget-bdt-timeline\" data-id=\"060ac3e\" data-element_type=\"widget\" data-widget_type=\"bdt-timeline.default\">\n\t\t\t\t<div class=\"elementor-widget-container\">\n\t\t\t\t\t\t\t<div id=\"bdt-timeline-060ac3e\" class=\"bdt-timeline bdt-timeline-skin-default bdt-timeline-center\">\n\t\t\t<div class=\"bdt-grid bdt-grid-collapse\" bdt-grid>\n\t\t\t\t\n\n\t\t\t\t\t<div\n\t\t\t\t\t\tclass=\"bdt-width-1-2@m bdt-timeline-item left-part\">\n\n\t\t\t\t\t\t<div class=\"bdt-timeline-item-main-wrapper\">\n\t\t\t\t\t\t\t<div class=\"bdt-timeline-line\">\n\t\t\t\t\t\t\t\t<span ><\/span>\n\t\t\t\t\t\t\t<\/div>\n\t\t\t\t\t\t\t<div class=\"bdt-timeline-item-main-container\">\n\t\t\t\t\t\t\t\t\n\t\t\t\t\t\t\t\t<div class=\"bdt-timeline-icon\" >\n\n\t\t\t\t\t\t\t\t\t<span>\n\n\t\t\t\t\t\t\t\t\t\t\t\t\t\t\t\t\t\t\t\t\t<i aria-hidden=\"true\" class=\"fas fa-file-alt\"><\/i>\t\t\t\t\t\t\t\t\t\t\n\t\t\t\t\t\t\t\t\t<\/span>\n\n\t\t\t\t\t\t\t\t<\/div>\n\t\t\t\t\t\t\t\t\t\t<div class=\"bdt-timeline-item-main elementor-repeater-item-0090ba7\" >\n\t\t\t<span class=\"bdt-timeline-arrow\"><\/span>\n\n\t\t\t\n\t\t\t<div class=\"bdt-timeline-desc bdt-padding\">\n\t\t\t\t\t\t<h4\t\t\tclass=\"bdt-timeline-title\">\n\t\t\t\t\t\t\t<span>\n\t\t\t\t\t2022: Globale Expansion und Markenwachstum\t\t\t\t<\/span>\n\t\t\t\t\t<\/h4>\n\t\t\t\t\t\t\t\t\t\t\t\t\t<div class=\"bdt-timeline-excerpt\">\n\t\t\t\t<p>Im Jahr 2022 expandierte das Unternehmen auf internationaler Ebene, st\u00e4rkte seine Marke und erlangte Anerkennung in den Bereichen Energie, Eisenbahn und Kohle.<\/p>\t\t\t<\/div>\n\t\t\t\t\t\t\t\t\t\t<\/div>\n\t\t<\/div>\n\t\t\t\t\t\t\t\t\t<\/div>\n\t\t\t\t\t\t<\/div>\n\t\t\t\t\t<\/div>\n\n\t\t\t\t\t\t\t\t\t\t\t\t\t<div class=\"bdt-timeline-item bdt-width-1-2@m bdt-visible@m\">\n\t\t\t<div class=\"bdt-timeline-date bdt-text-\" >\n\t\t\t\t<span>\n\t\t\t\t\t2022.02\t\t\t\t<\/span>\n\t\t\t<\/div>\n\t\t<\/div>\n\t\t\t\t\t\t\t\n\t\t\t\t\t\t\t\t\t\t\t\t<div class=\"bdt-timeline-item bdt-width-1-2@m bdt-visible@m\">\n\t\t\t<div class=\"bdt-timeline-date bdt-text-right\" >\n\t\t\t\t<span>\n\t\t\t\t\t2018.03\t\t\t\t<\/span>\n\t\t\t<\/div>\n\t\t<\/div>\n\t\t\t\t\t\t\t\n\n\t\t\t\t\t<div\n\t\t\t\t\t\tclass=\"bdt-width-1-2@m bdt-timeline-item right-part\">\n\n\t\t\t\t\t\t<div class=\"bdt-timeline-item-main-wrapper\">\n\t\t\t\t\t\t\t<div class=\"bdt-timeline-line\">\n\t\t\t\t\t\t\t\t<span ><\/span>\n\t\t\t\t\t\t\t<\/div>\n\t\t\t\t\t\t\t<div class=\"bdt-timeline-item-main-container\">\n\t\t\t\t\t\t\t\t\n\t\t\t\t\t\t\t\t<div class=\"bdt-timeline-icon\" >\n\n\t\t\t\t\t\t\t\t\t<span>\n\n\t\t\t\t\t\t\t\t\t\t\t\t\t\t\t\t\t\t\t\t\t<i aria-hidden=\"true\" class=\"fas fa-file-alt\"><\/i>\t\t\t\t\t\t\t\t\t\t\n\t\t\t\t\t\t\t\t\t<\/span>\n\n\t\t\t\t\t\t\t\t<\/div>\n\t\t\t\t\t\t\t\t\t\t<div class=\"bdt-timeline-item-main elementor-repeater-item-cc22179\" >\n\t\t\t<span class=\"bdt-timeline-arrow\"><\/span>\n\n\t\t\t\n\t\t\t<div class=\"bdt-timeline-desc bdt-padding\">\n\t\t\t\t\t\t<h4\t\t\tclass=\"bdt-timeline-title\">\n\t\t\t\t\t\t\t<span>\n\t\t\t\t\t2018: Qualit\u00e4tszertifizierung\t\t\t\t<\/span>\n\t\t\t\t\t<\/h4>\n\t\t\t\t\t\t\t\t\t\t\t\t\t<div class=\"bdt-timeline-excerpt\">\n\t\t\t\t<p>Im Jahr 2018 hat sich ELEJG Jiangguang Electric auf intelligente, modulare Produktdesigns verlagert und intelligente Z\u00e4hler und Dual-Power-Transfer-Schalter eingef\u00fchrt, um die Wettbewerbsf\u00e4higkeit zu verbessern.<\/p>\t\t\t<\/div>\n\t\t\t\t\t\t\t\t\t\t<\/div>\n\t\t<\/div>\n\t\t\t\t\t\t\t\t\t<\/div>\n\t\t\t\t\t\t<\/div>\n\t\t\t\t\t<\/div>\n\n\t\t\t\t\t\n\t\t\t\t\n\n\t\t\t\t\t<div\n\t\t\t\t\t\tclass=\"bdt-width-1-2@m bdt-timeline-item left-part\">\n\n\t\t\t\t\t\t<div class=\"bdt-timeline-item-main-wrapper\">\n\t\t\t\t\t\t\t<div class=\"bdt-timeline-line\">\n\t\t\t\t\t\t\t\t<span ><\/span>\n\t\t\t\t\t\t\t<\/div>\n\t\t\t\t\t\t\t<div class=\"bdt-timeline-item-main-container\">\n\t\t\t\t\t\t\t\t\n\t\t\t\t\t\t\t\t<div class=\"bdt-timeline-icon\" >\n\n\t\t\t\t\t\t\t\t\t<span>\n\n\t\t\t\t\t\t\t\t\t\t\t\t\t\t\t\t\t\t\t\t\t<i aria-hidden=\"true\" class=\"fas fa-file-alt\"><\/i>\t\t\t\t\t\t\t\t\t\t\n\t\t\t\t\t\t\t\t\t<\/span>\n\n\t\t\t\t\t\t\t\t<\/div>\n\t\t\t\t\t\t\t\t\t\t<div class=\"bdt-timeline-item-main elementor-repeater-item-05c80b9\" >\n\t\t\t<span class=\"bdt-timeline-arrow\"><\/span>\n\n\t\t\t\n\t\t\t<div class=\"bdt-timeline-desc bdt-padding\">\n\t\t\t\t\t\t<h4\t\t\tclass=\"bdt-timeline-title\">\n\t\t\t\t\t\t\t<span>\n\t\t\t\t\t2016: Expansion und Produktqualit\u00e4t\t\t\t\t<\/span>\n\t\t\t\t\t<\/h4>\n\t\t\t\t\t\t\t\t\t\t\t\t\t<div class=\"bdt-timeline-excerpt\">\n\t\t\t\t<p>Einf\u00fchrung von Spitzentalenten und St\u00e4rkung der Innovationsf\u00e4higkeit.<\/p>\t\t\t<\/div>\n\t\t\t\t\t\t\t\t\t\t<\/div>\n\t\t<\/div>\n\t\t\t\t\t\t\t\t\t<\/div>\n\t\t\t\t\t\t<\/div>\n\t\t\t\t\t<\/div>\n\n\t\t\t\t\t\t\t\t\t\t\t\t\t<div class=\"bdt-timeline-item bdt-width-1-2@m bdt-visible@m\">\n\t\t\t<div class=\"bdt-timeline-date bdt-text-\" >\n\t\t\t\t<span>\n\t\t\t\t\t2016.02\t\t\t\t<\/span>\n\t\t\t<\/div>\n\t\t<\/div>\n\t\t\t\t\t\t\t\n\t\t\t\t\t\t\t\t\t\t\t\t<div class=\"bdt-timeline-item bdt-width-1-2@m bdt-visible@m\">\n\t\t\t<div class=\"bdt-timeline-date bdt-text-right\" >\n\t\t\t\t<span>\n\t\t\t\t\t2015.03\t\t\t\t<\/span>\n\t\t\t<\/div>\n\t\t<\/div>\n\t\t\t\t\t\t\t\n\n\t\t\t\t\t<div\n\t\t\t\t\t\tclass=\"bdt-width-1-2@m bdt-timeline-item right-part\">\n\n\t\t\t\t\t\t<div class=\"bdt-timeline-item-main-wrapper\">\n\t\t\t\t\t\t\t<div class=\"bdt-timeline-line\">\n\t\t\t\t\t\t\t\t<span ><\/span>\n\t\t\t\t\t\t\t<\/div>\n\t\t\t\t\t\t\t<div class=\"bdt-timeline-item-main-container\">\n\t\t\t\t\t\t\t\t\n\t\t\t\t\t\t\t\t<div class=\"bdt-timeline-icon\" >\n\n\t\t\t\t\t\t\t\t\t<span>\n\n\t\t\t\t\t\t\t\t\t\t\t\t\t\t\t\t\t\t\t\t\t<i aria-hidden=\"true\" class=\"fas fa-file-alt\"><\/i>\t\t\t\t\t\t\t\t\t\t\n\t\t\t\t\t\t\t\t\t<\/span>\n\n\t\t\t\t\t\t\t\t<\/div>\n\t\t\t\t\t\t\t\t\t\t<div class=\"bdt-timeline-item-main elementor-repeater-item-dc36e82\" >\n\t\t\t<span class=\"bdt-timeline-arrow\"><\/span>\n\n\t\t\t\n\t\t\t<div class=\"bdt-timeline-desc bdt-padding\">\n\t\t\t\t\t\t<h4\t\t\tclass=\"bdt-timeline-title\">\n\t\t\t\t\t\t\t<span>\n\t\t\t\t\t2015.03: Einf\u00fchrung eines neuen Produkts\t\t\t\t<\/span>\n\t\t\t\t\t<\/h4>\n\t\t\t\t\t\t\t\t\t\t\t\t\t<div class=\"bdt-timeline-excerpt\">\n\t\t\t\t<p>Der Steuer- und Schutzschalter (Motorschutzschalter) wurde zertifiziert und erfolgreich auf den Markt gebracht und erfreut sich gro\u00dfer Beliebtheit bei einer Vielzahl von Kunden\u3002.<\/p>\t\t\t<\/div>\n\t\t\t\t\t\t\t\t\t\t<\/div>\n\t\t<\/div>\n\t\t\t\t\t\t\t\t\t<\/div>\n\t\t\t\t\t\t<\/div>\n\t\t\t\t\t<\/div>\n\n\t\t\t\t\t\n\t\t\t\t\n\n\t\t\t\t\t<div\n\t\t\t\t\t\tclass=\"bdt-width-1-2@m bdt-timeline-item left-part\">\n\n\t\t\t\t\t\t<div class=\"bdt-timeline-item-main-wrapper\">\n\t\t\t\t\t\t\t<div class=\"bdt-timeline-line\">\n\t\t\t\t\t\t\t\t<span ><\/span>\n\t\t\t\t\t\t\t<\/div>\n\t\t\t\t\t\t\t<div class=\"bdt-timeline-item-main-container\">\n\t\t\t\t\t\t\t\t\n\t\t\t\t\t\t\t\t<div class=\"bdt-timeline-icon\" >\n\n\t\t\t\t\t\t\t\t\t<span>\n\n\t\t\t\t\t\t\t\t\t\t\t\t\t\t\t\t\t\t\t\t\t<i aria-hidden=\"true\" class=\"fas fa-file-alt\"><\/i>\t\t\t\t\t\t\t\t\t\t\n\t\t\t\t\t\t\t\t\t<\/span>\n\n\t\t\t\t\t\t\t\t<\/div>\n\t\t\t\t\t\t\t\t\t\t<div class=\"bdt-timeline-item-main elementor-repeater-item-9b197dc\" >\n\t\t\t<span class=\"bdt-timeline-arrow\"><\/span>\n\n\t\t\t\n\t\t\t<div class=\"bdt-timeline-desc bdt-padding\">\n\t\t\t\t\t\t<h4\t\t\tclass=\"bdt-timeline-title\">\n\t\t\t\t\t\t\t<span>\n\t\t\t\t\t2014.08: Einf\u00fchrung eines neuen Produkts\t\t\t\t<\/span>\n\t\t\t\t\t<\/h4>\n\t\t\t\t\t\t\t\t\t\t\t\t\t<div class=\"bdt-timeline-excerpt\">\n\t\t\t\t<p>Einphasige und dreiphasige vieradrige \u00dcber- und Unterspannungsschutzger\u00e4te mit automatischer R\u00fcckstellung wurden eingef\u00fchrt<\/p>\t\t\t<\/div>\n\t\t\t\t\t\t\t\t\t\t<\/div>\n\t\t<\/div>\n\t\t\t\t\t\t\t\t\t<\/div>\n\t\t\t\t\t\t<\/div>\n\t\t\t\t\t<\/div>\n\n\t\t\t\t\t\t\t\t\t\t\t\t\t<div class=\"bdt-timeline-item bdt-width-1-2@m bdt-visible@m\">\n\t\t\t<div class=\"bdt-timeline-date bdt-text-\" >\n\t\t\t\t<span>\n\t\t\t\t\t2015.08\t\t\t\t<\/span>\n\t\t\t<\/div>\n\t\t<\/div>\n\t\t\t\t\t\t\t\n\t\t\t\t\t\t\t\t\t\t\t\t<div class=\"bdt-timeline-item bdt-width-1-2@m bdt-visible@m\">\n\t\t\t<div class=\"bdt-timeline-date bdt-text-right\" >\n\t\t\t\t<span>\n\t\t\t\t\t2014.06\t\t\t\t<\/span>\n\t\t\t<\/div>\n\t\t<\/div>\n\t\t\t\t\t\t\t\n\n\t\t\t\t\t<div\n\t\t\t\t\t\tclass=\"bdt-width-1-2@m bdt-timeline-item right-part\">\n\n\t\t\t\t\t\t<div class=\"bdt-timeline-item-main-wrapper\">\n\t\t\t\t\t\t\t<div class=\"bdt-timeline-line\">\n\t\t\t\t\t\t\t\t<span ><\/span>\n\t\t\t\t\t\t\t<\/div>\n\t\t\t\t\t\t\t<div class=\"bdt-timeline-item-main-container\">\n\t\t\t\t\t\t\t\t\n\t\t\t\t\t\t\t\t<div class=\"bdt-timeline-icon\" >\n\n\t\t\t\t\t\t\t\t\t<span>\n\n\t\t\t\t\t\t\t\t\t\t\t\t\t\t\t\t\t\t\t\t\t<i aria-hidden=\"true\" class=\"fas fa-file-alt\"><\/i>\t\t\t\t\t\t\t\t\t\t\n\t\t\t\t\t\t\t\t\t<\/span>\n\n\t\t\t\t\t\t\t\t<\/div>\n\t\t\t\t\t\t\t\t\t\t<div class=\"bdt-timeline-item-main elementor-repeater-item-9895254\" >\n\t\t\t<span class=\"bdt-timeline-arrow\"><\/span>\n\n\t\t\t\n\t\t\t<div class=\"bdt-timeline-desc bdt-padding\">\n\t\t\t\t\t\t<h4\t\t\tclass=\"bdt-timeline-title\">\n\t\t\t\t\t\t\t<span>\n\t\t\t\t\t2014.06: Gr\u00fcndung und fr\u00fche Innovation\t\t\t\t<\/span>\n\t\t\t\t\t<\/h4>\n\t\t\t\t\t\t\t\t\t\t\t\t\t<div class=\"bdt-timeline-excerpt\">\n\t\t\t\t<p>Das 2014 gegr\u00fcndete Unternehmen Jiangguang Electric hat sich auf die Erforschung und Entwicklung intelligenter elektrischer Produkte konzentriert und sich in der Branche schnell einen Namen gemacht.<\/p>\t\t\t<\/div>\n\t\t\t\t\t\t\t\t\t\t<\/div>\n\t\t<\/div>\n\t\t\t\t\t\t\t\t\t<\/div>\n\t\t\t\t\t\t<\/div>\n\t\t\t\t\t<\/div>\n\n\t\t\t\t\t\n\t\t\t\t\n\t\t\t\t\n\t\t\t<\/div>\n\t\t<\/div>\n\t\t\t\t\t\t<\/div>\n\t\t\t\t<\/div>\n\t\t\t\t\t<\/div>\n\t\t\t\t<\/div>\n\t\t\t\t<\/div>","protected":false},"excerpt":{"rendered":"<p>about us About US Brief introduction \u00a0 \u00a0 \u00a0 \u00a0 Wenzhou Jiangguang Electric Technology Co., Ltd. (referred to as Jiangguang Electric) is a company that focuses on the research, design, production, and service of intelligent electronic appliances. Standardization, modularization, and intelligence are the development directions of the company\u2019s product design. The products have more advantages, [&hellip;]<\/p>","protected":false},"author":1,"featured_media":0,"parent":0,"menu_order":0,"comment_status":"closed","ping_status":"closed","template":"","meta":{"_acf_changed":false,"site-sidebar-layout":"no-sidebar","site-content-layout":"page-builder","ast-site-content-layout":"default","site-content-style":"default","site-sidebar-style":"default","ast-global-header-display":"","ast-banner-title-visibility":"","ast-main-header-display":"","ast-hfb-above-header-display":"","ast-hfb-below-header-display":"","ast-hfb-mobile-header-display":"","site-post-title":"disabled","ast-breadcrumbs-content":"","ast-featured-img":"disabled","footer-sml-layout":"","theme-transparent-header-meta":"enabled","adv-header-id-meta":"","stick-header-meta":"","header-above-stick-meta":"","header-main-stick-meta":"","header-below-stick-meta":"","astra-migrate-meta-layouts":"default","ast-page-background-enabled":"default","ast-page-background-meta":{"desktop":{"background-color":"var(--ast-global-color-4)","background-image":"","background-repeat":"repeat","background-position":"center center","background-size":"auto","background-attachment":"scroll","background-type":"","background-media":"","overlay-type":"","overlay-color":"","overlay-opacity":"","overlay-gradient":""},"tablet":{"background-color":"","background-image":"","background-repeat":"repeat","background-position":"center center","background-size":"auto","background-attachment":"scroll","background-type":"","background-media":"","overlay-type":"","overlay-color":"","overlay-opacity":"","overlay-gradient":""},"mobile":{"background-color":"","background-image":"","background-repeat":"repeat","background-position":"center center","background-size":"auto","background-attachment":"scroll","background-type":"","background-media":"","overlay-type":"","overlay-color":"","overlay-opacity":"","overlay-gradient":""}},"ast-content-background-meta":{"desktop":{"background-color":"var(--ast-global-color-5)","background-image":"","background-repeat":"repeat","background-position":"center center","background-size":"auto","background-attachment":"scroll","background-type":"","background-media":"","overlay-type":"","overlay-color":"","overlay-opacity":"","overlay-gradient":""},"tablet":{"background-color":"var(--ast-global-color-5)","background-image":"","background-repeat":"repeat","background-position":"center center","background-size":"auto","background-attachment":"scroll","background-type":"","background-media":"","overlay-type":"","overlay-color":"","overlay-opacity":"","overlay-gradient":""},"mobile":{"background-color":"var(--ast-global-color-5)","background-image":"","background-repeat":"repeat","background-position":"center center","background-size":"auto","background-attachment":"scroll","background-type":"","background-media":"","overlay-type":"","overlay-color":"","overlay-opacity":"","overlay-gradient":""}},"footnotes":"","_seo_title":"","_seo_keywords":"voltage protector, surge protector, LCD D85-20","_seo_description":"Wenzhou Jiangguang Electric Technology Co., Ltd. (referred to as Jiangguang Electric ELEJG) is a company that focuses on the research, design,"},"class_list":["post-6867","page","type-page","status-publish","hentry"],"acf":[],"seo_title":"","seo_keywords":"voltage protector, surge protector, LCD D85-20","seo_description":"Wenzhou Jiangguang Electric Technology Co., Ltd. (referred to as Jiangguang Electric ELEJG) is a company that focuses on the research, design,","seo_score":0,"_links":{"self":[{"href":"https:\/\/tokeep.cc\/de\/wp-json\/wp\/v2\/pages\/6867","targetHints":{"allow":["GET"]}}],"collection":[{"href":"https:\/\/tokeep.cc\/de\/wp-json\/wp\/v2\/pages"}],"about":[{"href":"https:\/\/tokeep.cc\/de\/wp-json\/wp\/v2\/types\/page"}],"author":[{"embeddable":true,"href":"https:\/\/tokeep.cc\/de\/wp-json\/wp\/v2\/users\/1"}],"replies":[{"embeddable":true,"href":"https:\/\/tokeep.cc\/de\/wp-json\/wp\/v2\/comments?post=6867"}],"version-history":[{"count":0,"href":"https:\/\/tokeep.cc\/de\/wp-json\/wp\/v2\/pages\/6867\/revisions"}],"wp:attachment":[{"href":"https:\/\/tokeep.cc\/de\/wp-json\/wp\/v2\/media?parent=6867"}],"curies":[{"name":"wp","href":"https:\/\/api.w.org\/{rel}","templated":true}]}}