{"id":6868,"date":"2025-10-26T00:49:23","date_gmt":"2025-10-26T00:49:23","guid":{"rendered":"https:\/\/tokeep.cc\/services\/"},"modified":"2025-12-27T06:17:30","modified_gmt":"2025-12-27T11:17:30","slug":"services","status":"publish","type":"page","link":"https:\/\/tokeep.cc\/sp\/services\/","title":{"rendered":"Servicios"},"content":{"rendered":"<div data-elementor-type=\"wp-page\" data-elementor-id=\"6868\" class=\"elementor elementor-6868\" data-elementor-settings=\"{&quot;element_pack_global_tooltip_width&quot;:{&quot;unit&quot;:&quot;px&quot;,&quot;size&quot;:&quot;&quot;,&quot;sizes&quot;:[]},&quot;element_pack_global_tooltip_width_tablet&quot;:{&quot;unit&quot;:&quot;px&quot;,&quot;size&quot;:&quot;&quot;,&quot;sizes&quot;:[]},&quot;element_pack_global_tooltip_width_mobile&quot;:{&quot;unit&quot;:&quot;px&quot;,&quot;size&quot;:&quot;&quot;,&quot;sizes&quot;:[]},&quot;element_pack_global_tooltip_padding&quot;:{&quot;unit&quot;:&quot;px&quot;,&quot;top&quot;:&quot;&quot;,&quot;right&quot;:&quot;&quot;,&quot;bottom&quot;:&quot;&quot;,&quot;left&quot;:&quot;&quot;,&quot;isLinked&quot;:true},&quot;element_pack_global_tooltip_padding_tablet&quot;:{&quot;unit&quot;:&quot;px&quot;,&quot;top&quot;:&quot;&quot;,&quot;right&quot;:&quot;&quot;,&quot;bottom&quot;:&quot;&quot;,&quot;left&quot;:&quot;&quot;,&quot;isLinked&quot;:true},&quot;element_pack_global_tooltip_padding_mobile&quot;:{&quot;unit&quot;:&quot;px&quot;,&quot;top&quot;:&quot;&quot;,&quot;right&quot;:&quot;&quot;,&quot;bottom&quot;:&quot;&quot;,&quot;left&quot;:&quot;&quot;,&quot;isLinked&quot;:true},&quot;element_pack_global_tooltip_border_radius&quot;:{&quot;unit&quot;:&quot;px&quot;,&quot;top&quot;:&quot;&quot;,&quot;right&quot;:&quot;&quot;,&quot;bottom&quot;:&quot;&quot;,&quot;left&quot;:&quot;&quot;,&quot;isLinked&quot;:true},&quot;element_pack_global_tooltip_border_radius_tablet&quot;:{&quot;unit&quot;:&quot;px&quot;,&quot;top&quot;:&quot;&quot;,&quot;right&quot;:&quot;&quot;,&quot;bottom&quot;:&quot;&quot;,&quot;left&quot;:&quot;&quot;,&quot;isLinked&quot;:true},&quot;element_pack_global_tooltip_border_radius_mobile&quot;:{&quot;unit&quot;:&quot;px&quot;,&quot;top&quot;:&quot;&quot;,&quot;right&quot;:&quot;&quot;,&quot;bottom&quot;:&quot;&quot;,&quot;left&quot;:&quot;&quot;,&quot;isLinked&quot;:true}}\" data-elementor-post-type=\"page\">\n\t\t\t\t<div class=\"elementor-element elementor-element-93263f3 e-flex e-con-boxed e-con e-parent\" data-id=\"93263f3\" data-element_type=\"container\" data-settings=\"{&quot;background_background&quot;:&quot;classic&quot;}\">\n\t\t\t\t\t<div class=\"e-con-inner\">\n\t\t<div class=\"elementor-element elementor-element-6c32ff7 e-flex e-con-boxed e-con e-child\" data-id=\"6c32ff7\" data-element_type=\"container\">\n\t\t\t\t\t<div class=\"e-con-inner\">\n\t\t\t\t<div class=\"elementor-element elementor-element-888fcee elementor-widget elementor-widget-heading\" data-id=\"888fcee\" data-element_type=\"widget\" data-widget_type=\"heading.default\">\n\t\t\t\t<div class=\"elementor-widget-container\">\n\t\t\t\t\t<h1 class=\"elementor-heading-title elementor-size-default\">our services<\/h1>\t\t\t\t<\/div>\n\t\t\t\t<\/div>\n\t\t\t\t\t<\/div>\n\t\t\t\t<\/div>\n\t\t\t\t\t<\/div>\n\t\t\t\t<\/div>\n\t\t<div class=\"elementor-element elementor-element-0234917 e-con-full e-flex e-con e-parent\" data-id=\"0234917\" data-element_type=\"container\">\n\t\t\t\t<div class=\"elementor-element elementor-element-8bd9d2b e-n-tabs-mobile elementor-widget elementor-widget-n-tabs\" data-id=\"8bd9d2b\" data-element_type=\"widget\" data-settings=\"{&quot;horizontal_scroll&quot;:&quot;disable&quot;}\" data-widget_type=\"nested-tabs.default\">\n\t\t\t\t<div class=\"elementor-widget-container\">\n\t\t\t\t\t\t\t<div class=\"e-n-tabs\" data-widget-number=\"146644267\" aria-label=\"\u6a19\u7c64\u3002\u4f7f\u7528 Enter \u6216 Space \u958b\u555f\u9805\u76ee\uff0c\u4f7f\u7528 Escape \u95dc\u9589\u9805\u76ee\uff0c\u4e26\u4f7f\u7528\u65b9\u5411\u9375\u5c0e\u822a\u3002.\" data-no-translation-aria-label=\"\">\n\t\t\t<div class=\"e-n-tabs-heading\" role=\"tablist\">\n\t\t\t\t\t<button id=\"e-n-tab-title-1466442671\" data-tab-title-id=\"e-n-tab-title-1466442671\" class=\"e-n-tab-title\" aria-selected=\"true\" data-tab-index=\"1\" role=\"tab\" tabindex=\"0\" aria-controls=\"e-n-tab-content-1466442671\" style=\"--n-tabs-title-order: 1;\">\n\t\t\t\t\t\t<span class=\"e-n-tab-title-text\">\n\t\t\t\tNoticias\t\t\t<\/span>\n\t\t<\/button>\n\t\t\t\t<button id=\"e-n-tab-title-1466442672\" data-tab-title-id=\"e-n-tab-title-1466442672\" class=\"e-n-tab-title\" aria-selected=\"false\" data-tab-index=\"2\" role=\"tab\" tabindex=\"-1\" aria-controls=\"e-n-tab-content-1466442672\" style=\"--n-tabs-title-order: 2;\">\n\t\t\t\t\t\t<span class=\"e-n-tab-title-text\">\n\t\t\t\tTab #2\t\t\t<\/span>\n\t\t<\/button>\n\t\t\t\t<button id=\"e-n-tab-title-1466442673\" data-tab-title-id=\"e-n-tab-title-1466442673\" class=\"e-n-tab-title\" aria-selected=\"false\" data-tab-index=\"3\" role=\"tab\" tabindex=\"-1\" aria-controls=\"e-n-tab-content-1466442673\" style=\"--n-tabs-title-order: 3;\">\n\t\t\t\t\t\t<span class=\"e-n-tab-title-text\">\n\t\t\t\tTab #3\t\t\t<\/span>\n\t\t<\/button>\n\t\t\t\t\t<\/div>\n\t\t\t<div class=\"e-n-tabs-content\">\n\t\t\t\t<div id=\"e-n-tab-content-1466442671\" role=\"tabpanel\" aria-labelledby=\"e-n-tab-title-1466442671\" data-tab-index=\"1\" style=\"--n-tabs-title-order: 1;\" class=\"e-active elementor-element elementor-element-89ceeb2 e-con-full e-flex e-con e-child\" data-id=\"89ceeb2\" data-element_type=\"container\">\n\t\t<div class=\"elementor-element elementor-element-30cc606 e-con-full e-flex e-con e-child\" data-id=\"30cc606\" data-element_type=\"container\">\n\t\t\t\t<div class=\"elementor-element elementor-element-969720d elementor-widget elementor-widget-bdt-post-block\" data-id=\"969720d\" data-element_type=\"widget\" data-widget_type=\"bdt-post-block.default\">\n\t\t\t\t<div class=\"elementor-widget-container\">\n\t\t\t\t\t\t\t\t<div id=\"bdtpbm_69d2842709964\" class=\"bdt-post-block bdt-grid bdt-grid-match skin-base\" data-bdt-grid=\"\">\n\n\t\t\t\t\t\t\t\t\t\t<div class=\"bdt-width-1-2@m\">\n\t\t\t\t\t\t\n\t\t\t\t\t\t\t\t\t\t\t\t\n\t\t\t\t\t\t\t<div class=\"bdt-post-block-item featured-part bdt-width-1-1@m bdt-margin\">\n\t\t\t\t\t\t\t\t<div class=\"bdt-post-block-img-wrapper bdt-margin-bottom\">\n\t\t\t\t\t\t\t\t\t<a href=\"https:\/\/tokeep.cc\/sp\/what-are-the-hazards-of-fault-arc%ef%bc%88afci%ef%bc%89\/\" title=\"\u00bfCu\u00e1les son los peligros del arco de falla\uff08AFCI\uff09?\">\n\t\t\t\t\t\t\t\t\t\t<img fetchpriority=\"high\" decoding=\"async\" width=\"1024\" height=\"576\" src=\"https:\/\/tokeep.cc\/wp-content\/uploads\/2025\/12\/\u6545\u969c\u7535\u5f27\u7535\u5668\u635f\u574f\u56fe\u7247-4-1024x576.jpg\" class=\"attachment-large size-large\" alt=\"\u00bfCu\u00e1les son los peligros del arco de falla\uff08AFCI\uff09?\" srcset=\"https:\/\/tokeep.cc\/wp-content\/uploads\/2025\/12\/\u6545\u969c\u7535\u5f27\u7535\u5668\u635f\u574f\u56fe\u7247-4-1024x576.jpg 1024w, https:\/\/tokeep.cc\/wp-content\/uploads\/2025\/12\/\u6545\u969c\u7535\u5f27\u7535\u5668\u635f\u574f\u56fe\u7247-4-300x169.jpg 300w, https:\/\/tokeep.cc\/wp-content\/uploads\/2025\/12\/\u6545\u969c\u7535\u5f27\u7535\u5668\u635f\u574f\u56fe\u7247-4-768x432.jpg 768w, https:\/\/tokeep.cc\/wp-content\/uploads\/2025\/12\/\u6545\u969c\u7535\u5f27\u7535\u5668\u635f\u574f\u56fe\u7247-4-1536x864.jpg 1536w, https:\/\/tokeep.cc\/wp-content\/uploads\/2025\/12\/\u6545\u969c\u7535\u5f27\u7535\u5668\u635f\u574f\u56fe\u7247-4-2048x1152.jpg 2048w, https:\/\/tokeep.cc\/wp-content\/uploads\/2025\/12\/\u6545\u969c\u7535\u5f27\u7535\u5668\u635f\u574f\u56fe\u7247-4-18x10.jpg 18w\" sizes=\"(max-width: 1024px) 100vw, 1024px\" \/>\t\t\t\t\t\t\t\t\t<\/a>\n\t\t\t\t\t\t\t\t<\/div>\n\n\t\t\t\t\t\t\t\t<div class=\"bdt-post-block-desc\">\n\n\t\t\t\t\t\t\t\t\t\t\t\t\t\t\t\t\t\t\t<h4 class=\"bdt-post-block-title\">\n\t\t\t\t\t\t\t\t\t\t\t<a href=\"https:\/\/tokeep.cc\/sp\/what-are-the-hazards-of-fault-arc%ef%bc%88afci%ef%bc%89\/\" class=\"bdt-post-block-link\" title=\"\u00bfCu\u00e1les son los peligros del arco de falla\uff08AFCI\uff09?\">\u00bfCu\u00e1les son los peligros del arco de falla\uff08AFCI\uff09?<\/a>\n\t\t\t\t\t\t\t\t\t\t<\/h4>\n\t\t\t\t\t\t\t\t\t\n\t\t\t\t\t\t\t\t\t\n\t\t\t\t\t\t\t\t\t\t<div class=\"bdt-post-block-meta bdt-subnav bdt-flex-middle\">\n\t\t\t\t\t\t\t\t\t\t\t<span>3 de diciembre de 2025<\/span>\n\t\t\t\t\t\t\t\t\t\t\t\t\t\t\t\t\t\t\t\t\t\t\t<span><a href=\"https:\/\/tokeep.cc\/sp\/categoria\/blog\/\" rel=\"category tag\">Blog<\/a>, <a href=\"https:\/\/tokeep.cc\/sp\/categoria\/news\/\" rel=\"category tag\">Noticias<\/a><\/span>\t\t\t\t\t\t\t\t\t\t\t\n\t\t\t\t\t\t\t\t\t\t<\/div>\n\n\t\t\t\t\t\t\t\t\t\n\t\t\t\t\t\t\t\t\t\t\t<div class=\"bdt-post-block-excerpt\">\n\t\t\t<p>\u00bfDe d\u00f3nde proceden los arcos voltaicos (AFCI)? Son m\u00e1s peligrosos de lo que cree. \u00bfSupone que instalar disyuntores e interruptores de circuito por fallo a tierra en casa significa que est\u00e1 completamente a salvo? En realidad, hay un \u201cpir\u00f3mano\u201d m\u00e1s oculto que acecha en sus circuitos el\u00e9ctricos: el arco de fallo. A diferencia de las sobrecargas o las corrientes de fuga, no es inmediatamente obvio, pero a menudo es el culpable de los incendios.<\/p>\n\t\t<\/div>\n\t\t\n\t\t\t\t\t\t\t\t\t\t\t\t\t\t\t\t\t\t\t<a href=\"https:\/\/tokeep.cc\/sp\/what-are-the-hazards-of-fault-arc%ef%bc%88afci%ef%bc%89\/\" class=\"bdt-post-block-read-more bdt-link-reset\">Seguir leyendo\n\t\t\t\t\t\t\t\t\t\t\t\t\t\t\t\t\t\t\t\t\t<\/a>\n\t\t\t\t\t\t\t\t\t\t\t\t\t\t\t\t\t<\/div>\n\t\t\t\t\t\t\t<\/div>\n\n\t\t\t\t\t\t\t\n\t\t\t\t\t\t<\/div>\n\n\t\t\t\t\t\t<div class=\"bdt-width-1-2@m\" data-bdt-scrollspy=\"cls: bdt-animation-fade; target: > ul > .bdt-post-block-item; delay: 350;\">\n\t\t\t\t\t\t\t<ul class=\"bdt-list bdt-list-large bdt-list-divider\">\n\n\t\t\t\t\t\t\t\n\t\t\t\t\t\t\n\t\t\t\t\t\t\t\t\t\t\t\t\t\t\t\t\t\t\t<li class=\"bdt-post-block-item list-part\">\n\t\t\t\t\t\t\t\t<div class=\"bdt-grid bdt-grid-small\" data-bdt-grid>\n\t\t\t\t\t\t\t\t\t<div class=\"bdt-post-block-thumbnail bdt-width-auto\">\n\t\t\t\t\t\t\t\t\t\t<a href=\"https:\/\/tokeep.cc\/sp\/cual-es-la-funcion-del-protector-de-sobretension-y-subtension-de-rearme-automatico\/\" title=\"\u00bfCu\u00e1l es la funci\u00f3n del protector de sobretensi\u00f3n y subtensi\u00f3n de rearme autom\u00e1tico?\">\n\t\t\t\t\t\t\t\t\t\t\t<img decoding=\"async\" width=\"150\" height=\"150\" src=\"https:\/\/tokeep.cc\/wp-content\/uploads\/2025\/10\/JGGQ-80-1-150x150.jpg\" class=\"attachment-thumbnail size-thumbnail\" alt=\"\u00bfCu\u00e1l es la funci\u00f3n del protector de sobretensi\u00f3n y subtensi\u00f3n de rearme autom\u00e1tico?\" srcset=\"https:\/\/tokeep.cc\/wp-content\/uploads\/2025\/10\/JGGQ-80-1-150x150.jpg 150w, https:\/\/tokeep.cc\/wp-content\/uploads\/2025\/10\/JGGQ-80-1-300x300.jpg 300w, https:\/\/tokeep.cc\/wp-content\/uploads\/2025\/10\/JGGQ-80-1-768x768.jpg 768w, https:\/\/tokeep.cc\/wp-content\/uploads\/2025\/10\/JGGQ-80-1-12x12.jpg 12w, https:\/\/tokeep.cc\/wp-content\/uploads\/2025\/10\/JGGQ-80-1.jpg 800w\" sizes=\"(max-width: 150px) 100vw, 150px\" \/>\t\t\t\t\t\t\t\t\t\t<\/a>\n\t\t\t\t\t\t\t\t\t<\/div>\n\t\t\t\t\t\t\t\t\t<div class=\"bdt-post-block-desc bdt-width-expand\">\n\t\t\t\t\t\t\t\t\t\t\t\t\t\t\t\t\t\t\t\t\t<h4 class=\"bdt-post-block-title\">\n\t\t\t\t\t\t\t\t\t\t\t\t<a href=\"https:\/\/tokeep.cc\/sp\/cual-es-la-funcion-del-protector-de-sobretension-y-subtension-de-rearme-automatico\/\" class=\"bdt-post-block-link\" title=\"\u00bfCu\u00e1l es la funci\u00f3n del protector de sobretensi\u00f3n y subtensi\u00f3n de rearme autom\u00e1tico?\">\u00bfCu\u00e1l es la funci\u00f3n del protector de sobretensi\u00f3n y subtensi\u00f3n de rearme autom\u00e1tico?<\/a>\n\t\t\t\t\t\t\t\t\t\t\t<\/h4>\n\t\t\t\t\t\t\t\t\t\t\n\t\t\t\t\t\t\t\t\t\t\n\t\t\t\t\t\t\t\t\t\t\t<div class=\"bdt-post-block-meta bdt-subnav bdt-flex-middle\">\n\t\t\t\t\t\t\t\t\t\t\t\t<span>30 de octubre de 2025<\/span>\n\t\t\t\t\t\t\t\t\t\t\t\t\n\t\t\t\t\t\t\t\t\t\t\t<\/div>\n\t\t\t\t\t\t\t\t\t\t\t\t\t\t\t\t\t\t\t<\/div>\n\t\t\t\t\t\t\t\t<\/div>\n\t\t\t\t\t\t\t<\/li>\n\t\t\t\t\t\n\t\t\t\t\t\t\t\t\t\t\t\t\t\t\t\t\t\t\t<li class=\"bdt-post-block-item list-part\">\n\t\t\t\t\t\t\t\t<div class=\"bdt-grid bdt-grid-small\" data-bdt-grid>\n\t\t\t\t\t\t\t\t\t<div class=\"bdt-post-block-thumbnail bdt-width-auto\">\n\t\t\t\t\t\t\t\t\t\t<a href=\"https:\/\/tokeep.cc\/sp\/automatic-reconnection-energy-metering-protector-of-test-jgdl-63\/\" title=\"Protector de contador de energ\u00eda de reconexi\u00f3n autom\u00e1tica de prueba JGDL-63\">\n\t\t\t\t\t\t\t\t\t\t\t<img decoding=\"async\" src=\"https:\/\/tokeep.cc\/wp-content\/plugins\/elementor\/assets\/images\/placeholder.png\" alt=\"Protector de contador de energ\u00eda de reconexi\u00f3n autom\u00e1tica de prueba JGDL-63\">\t\t\t\t\t\t\t\t\t\t<\/a>\n\t\t\t\t\t\t\t\t\t<\/div>\n\t\t\t\t\t\t\t\t\t<div class=\"bdt-post-block-desc bdt-width-expand\">\n\t\t\t\t\t\t\t\t\t\t\t\t\t\t\t\t\t\t\t\t\t<h4 class=\"bdt-post-block-title\">\n\t\t\t\t\t\t\t\t\t\t\t\t<a href=\"https:\/\/tokeep.cc\/sp\/automatic-reconnection-energy-metering-protector-of-test-jgdl-63\/\" class=\"bdt-post-block-link\" title=\"Protector de contador de energ\u00eda de reconexi\u00f3n autom\u00e1tica de prueba JGDL-63\">Protector de contador de energ\u00eda de reconexi\u00f3n autom\u00e1tica de prueba JGDL-63<\/a>\n\t\t\t\t\t\t\t\t\t\t\t<\/h4>\n\t\t\t\t\t\t\t\t\t\t\n\t\t\t\t\t\t\t\t\t\t\n\t\t\t\t\t\t\t\t\t\t\t<div class=\"bdt-post-block-meta bdt-subnav bdt-flex-middle\">\n\t\t\t\t\t\t\t\t\t\t\t\t<span>29 de octubre de 2025<\/span>\n\t\t\t\t\t\t\t\t\t\t\t\t\n\t\t\t\t\t\t\t\t\t\t\t<\/div>\n\t\t\t\t\t\t\t\t\t\t\t\t\t\t\t\t\t\t\t<\/div>\n\t\t\t\t\t\t\t\t<\/div>\n\t\t\t\t\t\t\t<\/li>\n\t\t\t\t\t\n\t\t\t\t\t\t\t\t\t\t\t\t\t\t\t\t\t\t\t<li class=\"bdt-post-block-item list-part\">\n\t\t\t\t\t\t\t\t<div class=\"bdt-grid bdt-grid-small\" data-bdt-grid>\n\t\t\t\t\t\t\t\t\t<div class=\"bdt-post-block-thumbnail bdt-width-auto\">\n\t\t\t\t\t\t\t\t\t\t<a href=\"https:\/\/tokeep.cc\/sp\/why-doesnt-the-circuit-with-self-resetting-overvoltage-protector-immediately-power-on\/\" title=\"\u00bfPor qu\u00e9 no se enciende inmediatamente el circuito con protector de sobretensi\u00f3n de rearme autom\u00e1tico?\">\n\t\t\t\t\t\t\t\t\t\t\t<img decoding=\"async\" width=\"150\" height=\"150\" src=\"https:\/\/tokeep.cc\/wp-content\/uploads\/2025\/10\/\u5fae\u4fe1\u56fe\u7247_2025-08-22_141045_203-150x150.png\" class=\"attachment-thumbnail size-thumbnail\" alt=\"\u00bfPor qu\u00e9 no se enciende inmediatamente el circuito con protector de sobretensi\u00f3n de rearme autom\u00e1tico?\" srcset=\"https:\/\/tokeep.cc\/wp-content\/uploads\/2025\/10\/\u5fae\u4fe1\u56fe\u7247_2025-08-22_141045_203-150x150.png 150w, https:\/\/tokeep.cc\/wp-content\/uploads\/2025\/10\/\u5fae\u4fe1\u56fe\u7247_2025-08-22_141045_203-11x12.png 11w\" sizes=\"(max-width: 150px) 100vw, 150px\" \/>\t\t\t\t\t\t\t\t\t\t<\/a>\n\t\t\t\t\t\t\t\t\t<\/div>\n\t\t\t\t\t\t\t\t\t<div class=\"bdt-post-block-desc bdt-width-expand\">\n\t\t\t\t\t\t\t\t\t\t\t\t\t\t\t\t\t\t\t\t\t<h4 class=\"bdt-post-block-title\">\n\t\t\t\t\t\t\t\t\t\t\t\t<a href=\"https:\/\/tokeep.cc\/sp\/why-doesnt-the-circuit-with-self-resetting-overvoltage-protector-immediately-power-on\/\" class=\"bdt-post-block-link\" title=\"\u00bfPor qu\u00e9 no se enciende inmediatamente el circuito con protector de sobretensi\u00f3n de rearme autom\u00e1tico?\">\u00bfPor qu\u00e9 no se enciende inmediatamente el circuito con protector de sobretensi\u00f3n de rearme autom\u00e1tico?<\/a>\n\t\t\t\t\t\t\t\t\t\t\t<\/h4>\n\t\t\t\t\t\t\t\t\t\t\n\t\t\t\t\t\t\t\t\t\t\n\t\t\t\t\t\t\t\t\t\t\t<div class=\"bdt-post-block-meta bdt-subnav bdt-flex-middle\">\n\t\t\t\t\t\t\t\t\t\t\t\t<span>29 de octubre de 2025<\/span>\n\t\t\t\t\t\t\t\t\t\t\t\t\n\t\t\t\t\t\t\t\t\t\t\t<\/div>\n\t\t\t\t\t\t\t\t\t\t\t\t\t\t\t\t\t\t\t<\/div>\n\t\t\t\t\t\t\t\t<\/div>\n\t\t\t\t\t\t\t<\/li>\n\t\t\t\t\t\n\t\t\t\t\t\t\t\t\t\t\t\t\t\t\t\t\t\t\t<li class=\"bdt-post-block-item list-part\">\n\t\t\t\t\t\t\t\t<div class=\"bdt-grid bdt-grid-small\" data-bdt-grid>\n\t\t\t\t\t\t\t\t\t<div class=\"bdt-post-block-thumbnail bdt-width-auto\">\n\t\t\t\t\t\t\t\t\t\t<a href=\"https:\/\/tokeep.cc\/sp\/choose-high-quality-voltage-protectors\/\" title=\"Elija protectores de tensi\u00f3n de alta calidad\">\n\t\t\t\t\t\t\t\t\t\t\t<img loading=\"lazy\" decoding=\"async\" width=\"150\" height=\"150\" src=\"https:\/\/tokeep.cc\/wp-content\/uploads\/2025\/10\/\u624b\u673a\u9996\u56fe-2-150x150.jpg\" class=\"attachment-thumbnail size-thumbnail\" alt=\"Elija protectores de tensi\u00f3n de alta calidad\" \/>\t\t\t\t\t\t\t\t\t\t<\/a>\n\t\t\t\t\t\t\t\t\t<\/div>\n\t\t\t\t\t\t\t\t\t<div class=\"bdt-post-block-desc bdt-width-expand\">\n\t\t\t\t\t\t\t\t\t\t\t\t\t\t\t\t\t\t\t\t\t<h4 class=\"bdt-post-block-title\">\n\t\t\t\t\t\t\t\t\t\t\t\t<a href=\"https:\/\/tokeep.cc\/sp\/choose-high-quality-voltage-protectors\/\" class=\"bdt-post-block-link\" title=\"Elija protectores de tensi\u00f3n de alta calidad\">Elija protectores de tensi\u00f3n de alta calidad<\/a>\n\t\t\t\t\t\t\t\t\t\t\t<\/h4>\n\t\t\t\t\t\t\t\t\t\t\n\t\t\t\t\t\t\t\t\t\t\n\t\t\t\t\t\t\t\t\t\t\t<div class=\"bdt-post-block-meta bdt-subnav bdt-flex-middle\">\n\t\t\t\t\t\t\t\t\t\t\t\t<span>13 de octubre de 2025<\/span>\n\t\t\t\t\t\t\t\t\t\t\t\t\n\t\t\t\t\t\t\t\t\t\t\t<\/div>\n\t\t\t\t\t\t\t\t\t\t\t\t\t\t\t\t\t\t\t<\/div>\n\t\t\t\t\t\t\t\t<\/div>\n\t\t\t\t\t\t\t<\/li>\n\t\t\t\t\t\t\t\t\t\t\t\t<\/ul>\n\t\t\t\t\t\t<\/div>\n\t\t\t<\/div>\n\n\t\t\t\t<\/div>\n\t\t\t\t<\/div>\n\t\t\t\t<\/div>\n\t\t\t\t<\/div>\n\t\t<div id=\"e-n-tab-content-1466442672\" role=\"tabpanel\" aria-labelledby=\"e-n-tab-title-1466442672\" data-tab-index=\"2\" style=\"--n-tabs-title-order: 2;\" class=\"elementor-element elementor-element-e11091c e-con-full e-flex e-con e-child\" data-id=\"e11091c\" data-element_type=\"container\">\n\t\t\t\t<\/div>\n\t\t<div id=\"e-n-tab-content-1466442673\" role=\"tabpanel\" aria-labelledby=\"e-n-tab-title-1466442673\" data-tab-index=\"3\" style=\"--n-tabs-title-order: 3;\" class=\"elementor-element elementor-element-08f04cc e-con-full e-flex e-con e-child\" data-id=\"08f04cc\" data-element_type=\"container\">\n\t\t\t\t<\/div>\n\t\t\t\t\t<\/div>\n\t\t<\/div>\n\t\t\t\t\t\t<\/div>\n\t\t\t\t<\/div>\n\t\t\t\t<\/div>\n\t\t\t\t<\/div>","protected":false},"excerpt":{"rendered":"<p>our services News Tab #2 Tab #3 What are the hazards of fault arc\uff08AFCI\uff09? 3 12 \u6708, 2025 Blog, News Where do fault arcs (AFCI)come from? They&#8217;re more dangerous than you think! Do you assume that installing circuit breakers and ground fault circuit interrupters at home means you&#8217;re completely safe? In reality, there&#8217;s a more [&hellip;]<\/p>","protected":false},"author":1,"featured_media":0,"parent":0,"menu_order":0,"comment_status":"closed","ping_status":"closed","template":"","meta":{"_acf_changed":false,"site-sidebar-layout":"no-sidebar","site-content-layout":"page-builder","ast-site-content-layout":"default","site-content-style":"default","site-sidebar-style":"default","ast-global-header-display":"","ast-banner-title-visibility":"","ast-main-header-display":"","ast-hfb-above-header-display":"","ast-hfb-below-header-display":"","ast-hfb-mobile-header-display":"","site-post-title":"disabled","ast-breadcrumbs-content":"","ast-featured-img":"disabled","footer-sml-layout":"","theme-transparent-header-meta":"enabled","adv-header-id-meta":"","stick-header-meta":"","header-above-stick-meta":"","header-main-stick-meta":"","header-below-stick-meta":"","astra-migrate-meta-layouts":"default","ast-page-background-enabled":"default","ast-page-background-meta":{"desktop":{"background-color":"var(--ast-global-color-4)","background-image":"","background-repeat":"repeat","background-position":"center center","background-size":"auto","background-attachment":"scroll","background-type":"","background-media":"","overlay-type":"","overlay-color":"","overlay-opacity":"","overlay-gradient":""},"tablet":{"background-color":"","background-image":"","background-repeat":"repeat","background-position":"center center","background-size":"auto","background-attachment":"scroll","background-type":"","background-media":"","overlay-type":"","overlay-color":"","overlay-opacity":"","overlay-gradient":""},"mobile":{"background-color":"","background-image":"","background-repeat":"repeat","background-position":"center center","background-size":"auto","background-attachment":"scroll","background-type":"","background-media":"","overlay-type":"","overlay-color":"","overlay-opacity":"","overlay-gradient":""}},"ast-content-background-meta":{"desktop":{"background-color":"var(--ast-global-color-5)","background-image":"","background-repeat":"repeat","background-position":"center center","background-size":"auto","background-attachment":"scroll","background-type":"","background-media":"","overlay-type":"","overlay-color":"","overlay-opacity":"","overlay-gradient":""},"tablet":{"background-color":"var(--ast-global-color-5)","background-image":"","background-repeat":"repeat","background-position":"center center","background-size":"auto","background-attachment":"scroll","background-type":"","background-media":"","overlay-type":"","overlay-color":"","overlay-opacity":"","overlay-gradient":""},"mobile":{"background-color":"var(--ast-global-color-5)","background-image":"","background-repeat":"repeat","background-position":"center center","background-size":"auto","background-attachment":"scroll","background-type":"","background-media":"","overlay-type":"","overlay-color":"","overlay-opacity":"","overlay-gradient":""}},"footnotes":"","_seo_title":"","_seo_keywords":"\u00a0DC Circuit Breakers, DC Surge Protection\u00a0Device, DC\u00a0surge protector\u00a0(DC SPD)","_seo_description":"To be a leading innovator in smart electronics, providing high-quality solutions that drive technological progress and ensure a safe,"},"class_list":["post-6868","page","type-page","status-publish","hentry"],"acf":[],"seo_title":"","seo_keywords":"\u00a0DC Circuit Breakers, DC Surge Protection\u00a0Device, DC\u00a0surge protector\u00a0(DC SPD)","seo_description":"To be a leading innovator in smart electronics, providing high-quality solutions that drive technological progress and ensure a safe,","seo_score":0,"_links":{"self":[{"href":"https:\/\/tokeep.cc\/sp\/wp-json\/wp\/v2\/pages\/6868","targetHints":{"allow":["GET"]}}],"collection":[{"href":"https:\/\/tokeep.cc\/sp\/wp-json\/wp\/v2\/pages"}],"about":[{"href":"https:\/\/tokeep.cc\/sp\/wp-json\/wp\/v2\/types\/page"}],"author":[{"embeddable":true,"href":"https:\/\/tokeep.cc\/sp\/wp-json\/wp\/v2\/users\/1"}],"replies":[{"embeddable":true,"href":"https:\/\/tokeep.cc\/sp\/wp-json\/wp\/v2\/comments?post=6868"}],"version-history":[{"count":0,"href":"https:\/\/tokeep.cc\/sp\/wp-json\/wp\/v2\/pages\/6868\/revisions"}],"wp:attachment":[{"href":"https:\/\/tokeep.cc\/sp\/wp-json\/wp\/v2\/media?parent=6868"}],"curies":[{"name":"wp","href":"https:\/\/api.w.org\/{rel}","templated":true}]}}